{"id":7,"date":"2021-01-09T23:07:34","date_gmt":"2021-01-09T23:07:34","guid":{"rendered":"https:\/\/labelgallery.ma\/rabat\/?page_id=7"},"modified":"2024-05-22T15:48:18","modified_gmt":"2024-05-22T15:48:18","slug":"boutiques","status":"publish","type":"page","link":"https:\/\/labelgallery.ma\/eljadida\/boutiques\/","title":{"rendered":"Boutiques"},"content":{"rendered":"<p>Une douzaine de boutiques vous attendent dans LabelGallery pour faire vos achats. Que vous soyez \u00e0 la recherche d\u2019articles mode, cosm\u00e9tiques, accessoires, d\u00e9coration ou \u00e9lectrom\u00e9nager, le large choix d\u2019enseignes vous garantit de r\u00e9pondre \u00e0 vos besoins les plus divers.<\/p>\n","protected":false},"excerpt":{"rendered":"<p>Une douzaine de boutiques vous attendent dans LabelGallery pour faire vos achats. Que vous soyez \u00e0 la recherche d\u2019articles mode, cosm\u00e9tiques, accessoires, d\u00e9coration ou \u00e9lectrom\u00e9nager, le large choix d\u2019enseignes vous garantit de r\u00e9pondre \u00e0 vos besoins les plus divers.<\/p>\n","protected":false},"author":2,"featured_media":0,"parent":0,"menu_order":0,"comment_status":"closed","ping_status":"closed","template":"page-tpls\/tpl-stores.php","meta":{"footnotes":""},"class_list":["post-7","page","type-page","status-publish","hentry"],"_links":{"self":[{"href":"https:\/\/labelgallery.ma\/eljadida\/wp-json\/wp\/v2\/pages\/7","targetHints":{"allow":["GET"]}}],"collection":[{"href":"https:\/\/labelgallery.ma\/eljadida\/wp-json\/wp\/v2\/pages"}],"about":[{"href":"https:\/\/labelgallery.ma\/eljadida\/wp-json\/wp\/v2\/types\/page"}],"author":[{"embeddable":true,"href":"https:\/\/labelgallery.ma\/eljadida\/wp-json\/wp\/v2\/users\/2"}],"replies":[{"embeddable":true,"href":"https:\/\/labelgallery.ma\/eljadida\/wp-json\/wp\/v2\/comments?post=7"}],"version-history":[{"count":0,"href":"https:\/\/labelgallery.ma\/eljadida\/wp-json\/wp\/v2\/pages\/7\/revisions"}],"wp:attachment":[{"href":"https:\/\/labelgallery.ma\/eljadida\/wp-json\/wp\/v2\/media?parent=7"}],"curies":[{"name":"wp","href":"https:\/\/api.w.org\/{rel}","templated":true}]}}