{"id":15,"date":"2021-01-10T01:16:30","date_gmt":"2021-01-10T01:16:30","guid":{"rendered":"https:\/\/labelgallery.ma\/rabat\/?page_id=15"},"modified":"2021-08-23T13:08:48","modified_gmt":"2021-08-23T13:08:48","slug":"bien-etre","status":"publish","type":"page","link":"https:\/\/labelgallery.ma\/safi\/boutiques\/bien-etre\/","title":{"rendered":"Sant\u00e9, beaut\u00e9 &#038; bien \u00eatre"},"content":{"rendered":"","protected":false},"excerpt":{"rendered":"","protected":false},"author":1,"featured_media":0,"parent":7,"menu_order":0,"comment_status":"closed","ping_status":"closed","template":"page-tpls\/tpl-stores.php","meta":{"footnotes":""},"class_list":["post-15","page","type-page","status-publish","hentry"],"_links":{"self":[{"href":"https:\/\/labelgallery.ma\/safi\/wp-json\/wp\/v2\/pages\/15","targetHints":{"allow":["GET"]}}],"collection":[{"href":"https:\/\/labelgallery.ma\/safi\/wp-json\/wp\/v2\/pages"}],"about":[{"href":"https:\/\/labelgallery.ma\/safi\/wp-json\/wp\/v2\/types\/page"}],"author":[{"embeddable":true,"href":"https:\/\/labelgallery.ma\/safi\/wp-json\/wp\/v2\/users\/1"}],"replies":[{"embeddable":true,"href":"https:\/\/labelgallery.ma\/safi\/wp-json\/wp\/v2\/comments?post=15"}],"version-history":[{"count":0,"href":"https:\/\/labelgallery.ma\/safi\/wp-json\/wp\/v2\/pages\/15\/revisions"}],"up":[{"embeddable":true,"href":"https:\/\/labelgallery.ma\/safi\/wp-json\/wp\/v2\/pages\/7"}],"wp:attachment":[{"href":"https:\/\/labelgallery.ma\/safi\/wp-json\/wp\/v2\/media?parent=15"}],"curies":[{"name":"wp","href":"https:\/\/api.w.org\/{rel}","templated":true}]}}